{"id":33,"date":"2015-09-15T20:49:44","date_gmt":"2015-09-15T19:49:44","guid":{"rendered":"http:\/\/tablehomophobietransphobie.org\/2016\/?page_id=33"},"modified":"2016-04-04T09:50:35","modified_gmt":"2016-04-04T14:50:35","slug":"depliants-et-affiches","status":"publish","type":"page","link":"https:\/\/tablehomophobietransphobie.org\/2016\/depliants-et-affiches\/","title":{"rendered":"D\u00e9pliants et affiches"},"content":{"rendered":"<p><strong>D\u00e9pliant<\/strong><\/p>\n<ul>\n<li class=\"liens_pdf\">Solidaires dans la diversit\u00e9 &#8211; Invitation au Colloque<br \/><a href=\"http:\/\/tablehomophobietransphobie.org\/2016\/files\/2016\/04\/D\u00e9pliant.pdf\"><img src=\"http:\/\/tablehomophobietransphobie.org\/2016\/files\/2015\/09\/D\u00e9pliant.jpg\" alt=\"Invitation au Colloque\" \/><\/a><\/li>\n<\/ul>\n<p><strong>Affiches<\/strong><\/p>\n<ul>\n<li class=\"liens_pdf\">Solidaires dans la diversit\u00e9<br \/><a href=\"http:\/\/tablehomophobietransphobie.org\/2016\/files\/2015\/09\/poster-colloque-2016-francais.pdf\"><img src=\"http:\/\/tablehomophobietransphobie.org\/2016\/files\/2015\/09\/poster-colloque-2016-francais.jpg\" alt=\"Solidaires dans la diversit\u00e9\" \/><\/a><\/li>\n<li class=\"liens_pdf\">Solidarity in Diversity<br \/><a href=\"http:\/\/tablehomophobietransphobie.org\/2016\/files\/2015\/09\/poster-colloque-2016-anglais.pdf\"><img src=\"http:\/\/tablehomophobietransphobie.org\/2016\/files\/2015\/09\/poster-colloque-2016-anglais.jpg\" alt=\"Solidarity in Diversity\" \/><\/a><\/li>\n<\/ul>\n","protected":false},"excerpt":{"rendered":"<p>D\u00e9pliant Solidaires dans la diversit\u00e9 &#8211; Invitation au Colloque Affiches Solidaires dans la diversit\u00e9 Solidarity in Diversity<\/p>\n","protected":false},"author":5,"featured_media":0,"parent":0,"menu_order":0,"comment_status":"closed","ping_status":"closed","template":"","meta":[],"_links":{"self":[{"href":"https:\/\/tablehomophobietransphobie.org\/2016\/wp-json\/wp\/v2\/pages\/33"}],"collection":[{"href":"https:\/\/tablehomophobietransphobie.org\/2016\/wp-json\/wp\/v2\/pages"}],"about":[{"href":"https:\/\/tablehomophobietransphobie.org\/2016\/wp-json\/wp\/v2\/types\/page"}],"author":[{"embeddable":true,"href":"https:\/\/tablehomophobietransphobie.org\/2016\/wp-json\/wp\/v2\/users\/5"}],"replies":[{"embeddable":true,"href":"https:\/\/tablehomophobietransphobie.org\/2016\/wp-json\/wp\/v2\/comments?post=33"}],"version-history":[{"count":9,"href":"https:\/\/tablehomophobietransphobie.org\/2016\/wp-json\/wp\/v2\/pages\/33\/revisions"}],"predecessor-version":[{"id":367,"href":"https:\/\/tablehomophobietransphobie.org\/2016\/wp-json\/wp\/v2\/pages\/33\/revisions\/367"}],"wp:attachment":[{"href":"https:\/\/tablehomophobietransphobie.org\/2016\/wp-json\/wp\/v2\/media?parent=33"}],"curies":[{"name":"wp","href":"https:\/\/api.w.org\/{rel}","templated":true}]}}