{"id":34,"date":"2015-09-15T16:40:53","date_gmt":"2015-09-15T15:40:53","guid":{"rendered":"http:\/\/tablehomophobietransphobie.org\/2016\/?page_id=34"},"modified":"2015-12-11T16:32:45","modified_gmt":"2015-12-11T15:32:45","slug":"inscription","status":"publish","type":"page","link":"https:\/\/tablehomophobietransphobie.org\/2016\/inscription\/","title":{"rendered":"Inscription"},"content":{"rendered":"<p>1) Dans un premier temps, veuillez <a href=\"http:\/\/tablehomophobietransphobie.org\/2016\/ateliers\/\">consulter la description des ateliers<\/a> et noter vos choix (deux par bloc).<\/p>\n<p>2) Ensuite, remplissez et envoyer l\u2019un des formulaires d\u2019inscription en ligne suivants (pour les modalit\u00e9s de paiement, <a href=\"#modalites\">voir la note au bas de cette page<sup>*<\/sup><\/a>) :<\/p>\n<ul>\n<li><a href=\"\/2016\/inscription\/inscription-generale\/\"><strong>G\u00e9n\u00e9ral<\/strong><\/a><\/li>\n<li><a href=\"\/2016\/inscription\/inscription-pour-les-etudiantes-et-etudiants\/\"><strong>\u00c9tudiantes et \u00e9tudiants<\/strong><\/a><\/li>\n<li><a href=\"\/2016\/inscription\/inscription-pour-les-organismes-communautaires-lgbt\/\"><strong>Organismes communautaires<\/strong><\/a><\/li>\n<\/ul>\n<hr \/>\n<h2>Formulaires \u00e0 t\u00e9l\u00e9charger et \u00e0 imprimer<\/h2>\n<ul>\n<li><a href=\"http:\/\/tablehomophobietransphobie.org\/2016\/files\/2015\/10\/Inscription_g\u00e9n\u00e9rale.docx\">G\u00e9n\u00e9ral<\/a><\/li>\n<li><a href=\"http:\/\/tablehomophobietransphobie.org\/2016\/files\/2015\/10\/Inscription_\u00e9tudiante-\u00e9tudiant.docx\">\u00c9tudiantes et \u00e9tudiants<\/a><\/li>\n<li><a href=\"http:\/\/tablehomophobietransphobie.org\/2016\/files\/2015\/10\/Inscription_organismes_communautaires.docx\">Organismes communautaires<\/a><\/li>\n<\/ul>\n<h2>Liste des ateliers d\u00e9taill\u00e9s<\/h2>\n<ul>\n<li><a href=\"http:\/\/tablehomophobietransphobie.org\/2016\/ateliers\/\">Description des ateliers<\/a><\/li>\n<li><a href=\"http:\/\/tablehomophobietransphobie.org\/2016\/files\/2015\/09\/Ateliers_d\u00e9taill\u00e9s.pdf\">Description des ateliers (t\u00e9l\u00e9charger le format PDF)<\/a><\/li>\n<\/ul>\n<hr \/>\n<div id=\"modalites\">\n<strong><sup>*<\/sup>Modalit\u00e9s de paiement : <\/strong><br \/>\nEnvoyer le formulaire d\u00fbment rempli en cliquant sur le bouton envoyer au bas du formulaire en ligne. Vous recevrez ensuite un courriel de confirmation. Imprimez ce courriel et faites-le parvenir accompagn\u00e9 d\u2019un ch\u00e8que, \u00e0 l\u2019adresse suivante :<\/p>\n<p>Colloque Agir contre l\u2019homophobie<br \/>\n\u00c0 l\u2019attention de Jacques P\u00e9trin<br \/>\n9405, rue Sherbrooke Est, Montr\u00e9al (Qu\u00e9bec) H1L 6P3 <\/p>\n<p>La r\u00e9ception de votre ch\u00e8que validera votre inscription.\n<\/p><\/div>\n<p>Frais d\u2019inscription :<\/p>\n<ul>\n<li>150 $ pour l\u2019admission g\u00e9n\u00e9rale<\/li>\n<li>80 $ pour les organismes communautaires<\/li>\n<li>35 $ pour les \u00e9l\u00e8ves de niveau secondaire, coll\u00e9gial et universitaire, avec pr\u00e9sentation d\u2019une carte \u00e9tudiante valide<\/li>\n<\/ul>\n<p><strong>Libeller le ch\u00e8que<\/strong> au nom de la <strong>CSQ<\/strong> avec la mention \u00ab <strong>Colloque homophobie 2016<\/strong> \u00bb.<\/p>\n<p><strong>Vous d\u00e9sirez obtenir de l&rsquo;information additionnelle ?<\/strong><br \/>Pour rejoindre M. Jacques P\u00e9trin : <a href=\"mailto:petrinjacques@gmail.com\">petrinjacques@gmail.com<\/p>\n","protected":false},"excerpt":{"rendered":"<p>1) Dans un premier temps, veuillez consulter la description des ateliers et noter vos choix (deux par bloc). 2) Ensuite, remplissez et envoyer l\u2019un des formulaires d\u2019inscription en ligne suivants (pour les modalit\u00e9s de paiement, voir la note au bas &hellip; <a href=\"https:\/\/tablehomophobietransphobie.org\/2016\/inscription\/\">Lire la suite <span class=\"meta-nav\">&rarr;<\/span><\/a><\/p>\n","protected":false},"author":5,"featured_media":0,"parent":0,"menu_order":0,"comment_status":"closed","ping_status":"closed","template":"","meta":[],"_links":{"self":[{"href":"https:\/\/tablehomophobietransphobie.org\/2016\/wp-json\/wp\/v2\/pages\/34"}],"collection":[{"href":"https:\/\/tablehomophobietransphobie.org\/2016\/wp-json\/wp\/v2\/pages"}],"about":[{"href":"https:\/\/tablehomophobietransphobie.org\/2016\/wp-json\/wp\/v2\/types\/page"}],"author":[{"embeddable":true,"href":"https:\/\/tablehomophobietransphobie.org\/2016\/wp-json\/wp\/v2\/users\/5"}],"replies":[{"embeddable":true,"href":"https:\/\/tablehomophobietransphobie.org\/2016\/wp-json\/wp\/v2\/comments?post=34"}],"version-history":[{"count":38,"href":"https:\/\/tablehomophobietransphobie.org\/2016\/wp-json\/wp\/v2\/pages\/34\/revisions"}],"predecessor-version":[{"id":243,"href":"https:\/\/tablehomophobietransphobie.org\/2016\/wp-json\/wp\/v2\/pages\/34\/revisions\/243"}],"wp:attachment":[{"href":"https:\/\/tablehomophobietransphobie.org\/2016\/wp-json\/wp\/v2\/media?parent=34"}],"curies":[{"name":"wp","href":"https:\/\/api.w.org\/{rel}","templated":true}]}}