{"id":49,"date":"2015-09-15T17:04:39","date_gmt":"2015-09-15T16:04:39","guid":{"rendered":"http:\/\/tablehomophobietransphobie.org\/2016\/?page_id=49"},"modified":"2015-09-15T19:58:01","modified_gmt":"2015-09-15T18:58:01","slug":"organisateurs","status":"publish","type":"page","link":"https:\/\/tablehomophobietransphobie.org\/2016\/organisateurs\/","title":{"rendered":"Organisateurs"},"content":{"rendered":"<p><strong>Les acteurs quant \u00e0 l\u2019organisation du 3<sup>e<\/sup> Colloque<\/strong><br \/>\n<strong>Agir contre l\u2019homophobie et la transphobie<\/strong><br \/>\n<strong><em>Solidaires dans la diversit\u00e9<\/em><\/strong> <\/p>\n<p>Ce colloque vient d\u2019une collaboration des organismes membres de la :<br \/>\n<strong>Table nationale de lutte contre l\u2019homophobie et la transphobie des r\u00e9seaux de l\u2019\u00e9ducation<\/strong><\/p>\n<p>\u00c0 l\u2019automne 2005, la Centrale des syndicats du Qu\u00e9bec (CSQ) convoque les principaux acteurs du r\u00e9seau de l\u2019\u00e9ducation afin de faire le point sur le dossier de l\u2019homophobie. Apr\u00e8s avoir visionn\u00e9 le DVD produit par la CSQ Silence SVP, les personnes pr\u00e9sentes confirment qu\u2019\u00e0 l\u2019int\u00e9rieur des \u00e9tablissements du r\u00e9seau scolaire et coll\u00e9gial, il existe un ph\u00e9nom\u00e8ne de l\u2019homophobie.<\/p>\n<p>Depuis 2006, presque tous les organismes syndicaux, patronaux, comit\u00e9s de parents, associations \u00e9tudiantes ainsi que le minist\u00e8re de l\u2019\u00c9ducation, conviennent de l\u2019importance de mettre en place deux tables nationales de lutte contre l\u2019homophobie, une pour le r\u00e9seau scolaire et une pour le r\u00e9seau coll\u00e9gial.<\/p>\n<p>Afin de tenir compte des r\u00e9alit\u00e9s des jeunes trans et des difficult\u00e9s que ceux-ci vivent dans les \u00e9tablissements d\u2019enseignement, en juin 2014, les organismes membres ont d\u00e9cid\u00e9 de fusionner les deux tables et de changer de nom :<\/p>\n<p><strong><em>Table nationale de lutte contre l\u2019homophobie et la transphobie des r\u00e9seaux de l\u2019\u00e9ducation<\/em><\/strong><\/p>\n<p>Lors de cette r\u00e9union, les organismes ont \u00e9galement adopt\u00e9 une mission, des objectifs ainsi que des actions \u00e0 poser. (voir document)<\/p>\n<p>Les organismes membres de la Table nationale constatent qu\u2019aujourd\u2019hui en 2015, il existe toujours un ph\u00e9nom\u00e8ne d\u2019homophobie et de transphobie<sup>1<\/sup> dans les \u00e9tablissements d\u2019enseignement scolaires et coll\u00e9giaux ainsi que dans les milieux de travail, et ce, m\u00eame si au Qu\u00e9bec, nous avons l\u2019\u00e9galit\u00e9 juridique pour les couples de m\u00eame sexe. Tous ces acteurs font le constat qu\u2019en 2015, les personnes gaies, lesbiennes, bisexuelles, transgenres, transsexuelles, intersexuelles ou en questionnement (GLBTTIQ) n\u2019ont pas atteint l\u2019\u00e9galit\u00e9 sociale. <\/p>\n<p>Au cours des deux derni\u00e8res ann\u00e9es, les organismes repr\u00e9sentant les personnes trans sont intervenus aupr\u00e8s du gouvernement afin d\u2019expliquer les difficult\u00e9s rencontr\u00e9es, et ce, dans le milieu de l\u2019\u00e9ducation, du travail ainsi que dans la soci\u00e9t\u00e9 en g\u00e9n\u00e9rale.<\/p>\n<p>C\u2019est pour cela que nous organisons ce 3e colloque afin de permettre au personnel de l\u2019enseignement, aux \u00e9l\u00e8ves et aux parents ainsi qu\u2019aux administrateurs, de prendre conscience des effets n\u00e9fastes de l\u2019homophobie et de la transphobie sur les jeunes et le personnel et de vouloir agir d\u00e8s maintenant pour dire non \u00e0 l\u2019homophobie et la transphobie.<br \/>\nDoit-on rappeler que l\u2019homophobie et la transphobie n\u2019attaquent pas seulement les jeunes GLBTT ou en questionnement de leur orientation sexuelle, mais \u00e9galement les jeunes qui ne cadrent pas avec les mod\u00e8les masculins ou f\u00e9minins que la soci\u00e9t\u00e9 projette, ainsi que les jeunes qui ont un parent homosexuel ou qui vivent dans une famille homoparentale ?<\/p>\n<p><strong>Combattre l\u2019homophobie et la transphobie, c\u2019est l\u2019affaire de toutes et tous.<br \/>\nC\u2019est une responsabilit\u00e9 que nous devons toutes et tous partager.<\/strong> <\/p>\n<p><strong>Liste des organisations membres de la Table nationale<\/strong><br \/>\n<u>Associations patronales<\/u><\/p>\n<ul>\n<li>Association des commissions scolaires anglophones du Qu\u00e9bec \/ Quebec English School Boards Association (ACSAQ\/QESBA)<\/li>\n<li>F\u00e9d\u00e9ration des c\u00e9geps, personne repr\u00e9sentant les directions aux affaires \u00e9tudiantes<\/li>\n<li>F\u00e9d\u00e9ration des commissions scolaires du Qu\u00e9bec (FCSQ)<\/li>\n<li>F\u00e9d\u00e9ration des \u00e9tablissements d\u2019enseignement priv\u00e9s (FEEP)<\/li>\n<li>Minist\u00e8re de l\u2019\u00c9ducation, l\u2019Enseignement sup\u00e9rieur et de la Recherche, (MEESR)<\/li>\n<\/ul>\n<p><u>Personnel de direction<\/u><\/p>\n<ul>\n<li>Association qu\u00e9b\u00e9coise des cadres scolaires (AQCS)<\/li>\n<li>F\u00e9d\u00e9ration qu\u00e9b\u00e9coise des directions d\u2019\u00e9tablissement d\u2019enseignement (FQDE)<\/li>\n<\/ul>\n<p><u>Associations syndicales<\/u><\/p>\n<ul>\n<li>Association provinciale des enseignantes et enseignants du Qu\u00e9bec \/ Quebec Provincial Association Teachers (APEQ\/QPAT)<\/li>\n<li>Centrale des syndicats du Qu\u00e9bec (CSQ) et ses f\u00e9d\u00e9rations : F\u00e9d\u00e9ration des syndicats de l\u2019enseignement (FSE-CSQ), F\u00e9d\u00e9ration des professionnelles et professionnels de l\u2019\u00e9ducation du Qu\u00e9bec (FPPE-CSQ), F\u00e9d\u00e9ration du personnel de soutien scolaire (FPSS-CSQ), F\u00e9d\u00e9ration du personnel de l\u2019enseignement priv\u00e9 (FPEP-CSQ), F\u00e9d\u00e9ration des enseignantes et enseignants de c\u00e9gep (FEC-CSQ), F\u00e9d\u00e9ration du personnel professionnel des coll\u00e8ges (FPPC-CSQ), F\u00e9d\u00e9ration du personnel de soutien de l\u2019enseignement sup\u00e9rieur (FPSES-CSQ)<\/li>\n<li>Conf\u00e9d\u00e9ration des syndicats nationaux (CSN) et ses f\u00e9d\u00e9rations : F\u00e9d\u00e9ration nationale des enseignantes et enseignants du Qu\u00e9bec (FNEEQ-CSN) &#8211; secteur des c\u00e9geps publics et secteur des \u00e9tablissements priv\u00e9s, F\u00e9d\u00e9ration des employ\u00e9es et employ\u00e9s des services publics (FEESP-CSN) &#8211; secteur soutien scolaire et secteur soutien c\u00e9gep<\/li>\n<li>F\u00e9d\u00e9ration autonome de l\u2019enseignement (FAE)<\/li>\n<li>F\u00e9d\u00e9ration des travailleurs et travailleuses du Qu\u00e9bec (FTQ) et ses syndicats Syndicat canadien de la fonction publique (SCFP), Syndicat des employ\u00e9es et employ\u00e9s de professionnels et de bureau (SEPB)<\/li>\n<li>Syndicat de professionnelles et professionnels du gouvernement du Qu\u00e9bec (SPGQ), secteur c\u00e9gep<\/li>\n<\/ul>\n<p><u>Association de parents et d\u2019\u00e9tudiants<\/u><\/p>\n<ul>\n<li>Association pour une solidarit\u00e9 syndicale \u00e9tudiante (ASS\u00c9)<\/li>\n<li>F\u00e9d\u00e9ration \u00e9tudiante coll\u00e9giale du Qu\u00e9bec (FECQ)<\/li>\n<li>F\u00e9d\u00e9ration des comit\u00e9s de parents du Qu\u00e9bec (FCPQ)<\/li>\n<\/ul>\n<p><u>Autres organismes<\/u><\/p>\n<ul>\n<li>Chaire de recherche sur l\u2019homophobie de l\u2019UQ\u00c0M<\/li>\n<li>Table provinciale de concertation sur la violence, les jeunes et le milieu scolaire (TPCVJMS)<\/li>\n<\/ul>\n<hr \/>\n<p style=\"font-size:12px\"><sup>1<\/sup> Homophobie : Toutes les attitudes n\u00e9gatives pouvant mener au rejet et \u00e0 la discrimination, directe et indirecte, envers les gais, les lesbiennes, les personnes bisexuelles, transsexuelles et transgenres, ou \u00e0 l\u2019\u00e9gard de toute personne dont l\u2019apparence ou le comportement ne se conforme pas aux st\u00e9r\u00e9otypes de la masculinit\u00e9 ou de la f\u00e9minit\u00e9.<br \/>\nCette d\u00e9finition est celle qui a \u00e9t\u00e9 retenue par la Commission des droits de la personne et des droits de la jeunesse dans son rapport intitul\u00e9 <em>De l\u2019\u00e9galit\u00e9 juridique \u00e0 l\u2019\u00e9galit\u00e9 sociale \u2014 Vers une strat\u00e9gie nationale de lutte contre l\u2019homophobie<\/em>.<\/p>\n","protected":false},"excerpt":{"rendered":"<p>Les acteurs quant \u00e0 l\u2019organisation du 3e Colloque Agir contre l\u2019homophobie et la transphobie Solidaires dans la diversit\u00e9 Ce colloque vient d\u2019une collaboration des organismes membres de la : Table nationale de lutte contre l\u2019homophobie et la transphobie des r\u00e9seaux &hellip; <a href=\"https:\/\/tablehomophobietransphobie.org\/2016\/organisateurs\/\">Lire la suite <span class=\"meta-nav\">&rarr;<\/span><\/a><\/p>\n","protected":false},"author":5,"featured_media":0,"parent":0,"menu_order":0,"comment_status":"closed","ping_status":"closed","template":"","meta":[],"_links":{"self":[{"href":"https:\/\/tablehomophobietransphobie.org\/2016\/wp-json\/wp\/v2\/pages\/49"}],"collection":[{"href":"https:\/\/tablehomophobietransphobie.org\/2016\/wp-json\/wp\/v2\/pages"}],"about":[{"href":"https:\/\/tablehomophobietransphobie.org\/2016\/wp-json\/wp\/v2\/types\/page"}],"author":[{"embeddable":true,"href":"https:\/\/tablehomophobietransphobie.org\/2016\/wp-json\/wp\/v2\/users\/5"}],"replies":[{"embeddable":true,"href":"https:\/\/tablehomophobietransphobie.org\/2016\/wp-json\/wp\/v2\/comments?post=49"}],"version-history":[{"count":5,"href":"https:\/\/tablehomophobietransphobie.org\/2016\/wp-json\/wp\/v2\/pages\/49\/revisions"}],"predecessor-version":[{"id":55,"href":"https:\/\/tablehomophobietransphobie.org\/2016\/wp-json\/wp\/v2\/pages\/49\/revisions\/55"}],"wp:attachment":[{"href":"https:\/\/tablehomophobietransphobie.org\/2016\/wp-json\/wp\/v2\/media?parent=49"}],"curies":[{"name":"wp","href":"https:\/\/api.w.org\/{rel}","templated":true}]}}