{"id":10,"date":"2017-10-20T20:49:11","date_gmt":"2017-10-20T18:49:11","guid":{"rendered":"http:\/\/tablehomophobietransphobie.org\/2018\/?page_id=10"},"modified":"2017-10-23T15:32:13","modified_gmt":"2017-10-23T13:32:13","slug":"inscription-generale","status":"publish","type":"page","link":"https:\/\/tablehomophobietransphobie.org\/2018\/inscription\/inscription-generale\/","title":{"rendered":"Inscription g\u00e9n\u00e9rale"},"content":{"rendered":"<p><strong>Quand<\/strong> :<\/p>\n<ul>\n<li>Jeudi, 18 janvier 2018 de 10 h. \u00e0 19 h<\/li>\n<li>Vendredi, 19 janvier 2018 de 09 h \u00e0 16 h<\/li>\n<\/ul>\n<p><strong>O\u00f9<\/strong> : <\/p>\n<ul>\n<li>C\u00e9gep du Vieux-Montr\u00e9al, 255, rue Ontario Est, Montr\u00e9al (Qu\u00e9bec) H2X 1X6<\/li>\n<\/ul>\n<div role=\"form\" class=\"wpcf7\" id=\"wpcf7-f4-o1\" lang=\"fr-FR\" dir=\"ltr\">\n<div class=\"screen-reader-response\"><p role=\"status\" aria-live=\"polite\" aria-atomic=\"true\"><\/p> <ul><\/ul><\/div>\n<form action=\"\/2018\/wp-json\/wp\/v2\/pages\/10#wpcf7-f4-o1\" method=\"post\" class=\"wpcf7-form init\" novalidate=\"novalidate\" data-status=\"init\">\n<div style=\"display: none;\">\n<input type=\"hidden\" name=\"_wpcf7\" value=\"4\" \/>\n<input type=\"hidden\" name=\"_wpcf7_version\" value=\"5.5.6\" \/>\n<input type=\"hidden\" name=\"_wpcf7_locale\" value=\"fr_FR\" \/>\n<input type=\"hidden\" name=\"_wpcf7_unit_tag\" value=\"wpcf7-f4-o1\" \/>\n<input type=\"hidden\" name=\"_wpcf7_container_post\" value=\"0\" \/>\n<input type=\"hidden\" name=\"_wpcf7_posted_data_hash\" value=\"\" \/>\n<\/div>\n<h2>Formulaire d'inscription<\/h2>\n<p><strong>Identification<\/strong><\/p>\n<p><label> Pr\u00e9nom<br \/>\n    <span class=\"wpcf7-form-control-wrap prenom\"><input type=\"text\" name=\"prenom\" value=\"\" size=\"40\" class=\"wpcf7-form-control wpcf7-text wpcf7-validates-as-required\" aria-required=\"true\" aria-invalid=\"false\" \/><\/span> <\/label><\/p>\n<p><label> Nom<br \/>\n    <span class=\"wpcf7-form-control-wrap nom\"><input type=\"text\" name=\"nom\" value=\"\" size=\"40\" class=\"wpcf7-form-control wpcf7-text wpcf7-validates-as-required\" aria-required=\"true\" aria-invalid=\"false\" \/><\/span> <\/label><\/p>\n<p><strong>Adresse<\/strong><\/p>\n<p><label> Adresse<br \/>\n    <span class=\"wpcf7-form-control-wrap adresse\"><input type=\"text\" name=\"adresse\" value=\"\" size=\"40\" class=\"wpcf7-form-control wpcf7-text wpcf7-validates-as-required\" aria-required=\"true\" aria-invalid=\"false\" \/><\/span> <\/label><\/p>\n<p><label> Ville<br \/>\n    <span class=\"wpcf7-form-control-wrap ville\"><input type=\"text\" name=\"ville\" value=\"\" size=\"40\" class=\"wpcf7-form-control wpcf7-text wpcf7-validates-as-required\" aria-required=\"true\" aria-invalid=\"false\" \/><\/span> <\/label><\/p>\n<p><label> Province<br \/>\n    <span class=\"wpcf7-form-control-wrap province\"><input type=\"text\" name=\"province\" value=\"\" size=\"40\" class=\"wpcf7-form-control wpcf7-text wpcf7-validates-as-required\" aria-required=\"true\" aria-invalid=\"false\" \/><\/span> <\/label><\/p>\n<p><label> Code Postal<br \/>\n    <span class=\"wpcf7-form-control-wrap zipcode\"><input type=\"text\" name=\"zipcode\" value=\"\" size=\"40\" class=\"wpcf7-form-control wpcf7-text wpcf7-validates-as-required\" aria-required=\"true\" aria-invalid=\"false\" \/><\/span> <\/label><\/p>\n<p><label> <strong>Courriel<\/strong><br \/>\n    <span class=\"wpcf7-form-control-wrap courriel\"><input type=\"email\" name=\"courriel\" value=\"\" size=\"40\" class=\"wpcf7-form-control wpcf7-text wpcf7-email wpcf7-validates-as-required wpcf7-validates-as-email\" aria-required=\"true\" aria-invalid=\"false\" \/><\/span> <\/label><\/p>\n<p><label> <strong>Indiquez le type de poste que vous occupez<\/strong> <\/label><br \/>\n    <span class=\"wpcf7-form-control-wrap poste\"><span class=\"wpcf7-form-control wpcf7-radio\"><span class=\"wpcf7-list-item first\"><input type=\"radio\" name=\"poste\" value=\"Personnel-cadre\" checked=\"checked\" \/><span class=\"wpcf7-list-item-label\">Personnel-cadre<\/span><\/span><span class=\"wpcf7-list-item\"><input type=\"radio\" name=\"poste\" value=\"Personnel enseignant\" \/><span class=\"wpcf7-list-item-label\">Personnel enseignant<\/span><\/span><span class=\"wpcf7-list-item\"><input type=\"radio\" name=\"poste\" value=\"Personnel professionnel\" \/><span class=\"wpcf7-list-item-label\">Personnel professionnel<\/span><\/span><span class=\"wpcf7-list-item\"><input type=\"radio\" name=\"poste\" value=\"Personnel de soutien\" \/><span class=\"wpcf7-list-item-label\">Personnel de soutien<\/span><\/span><span class=\"wpcf7-list-item\"><input type=\"radio\" name=\"poste\" value=\"Parent\" \/><span class=\"wpcf7-list-item-label\">Parent<\/span><\/span><span class=\"wpcf7-list-item\"><input type=\"radio\" name=\"poste\" value=\"Personnel de la sant\u00e9\" \/><span class=\"wpcf7-list-item-label\">Personnel de la sant\u00e9<\/span><\/span><span class=\"wpcf7-list-item last\"><input type=\"radio\" name=\"poste\" value=\"Autre\" \/><span class=\"wpcf7-list-item-label\">Autre<\/span><\/span><\/span><\/span> <\/p>\n<p><label> Si autre<br \/>\n    <span class=\"wpcf7-form-control-wrap poste-autre\"><input type=\"text\" name=\"poste-autre\" value=\"\" size=\"40\" class=\"wpcf7-form-control wpcf7-text\" aria-invalid=\"false\" \/><\/span> <\/label><\/p>\n<p><label> <strong>Vous travaillez dans quel type d\u2019\u00e9tablissement, indiquez le nom de votre employeur ?<\/strong> <\/label><br \/>\n    <span class=\"wpcf7-form-control-wrap employeur\"><span class=\"wpcf7-form-control wpcf7-radio\"><span class=\"wpcf7-list-item first\"><input type=\"radio\" name=\"employeur\" value=\"Commission scolaire\" checked=\"checked\" \/><span class=\"wpcf7-list-item-label\">Commission scolaire<\/span><\/span><span class=\"wpcf7-list-item\"><input type=\"radio\" name=\"employeur\" value=\"Coll\u00e8ge priv\u00e9\" \/><span class=\"wpcf7-list-item-label\">Coll\u00e8ge priv\u00e9<\/span><\/span><span class=\"wpcf7-list-item\"><input type=\"radio\" name=\"employeur\" value=\"\u00c9tablissement d\u2019enseignement priv\u00e9\" \/><span class=\"wpcf7-list-item-label\">\u00c9tablissement d\u2019enseignement priv\u00e9<\/span><\/span><span class=\"wpcf7-list-item\"><input type=\"radio\" name=\"employeur\" value=\"C\u00e9gep public\" \/><span class=\"wpcf7-list-item-label\">C\u00e9gep public<\/span><\/span><span class=\"wpcf7-list-item\"><input type=\"radio\" name=\"employeur\" value=\"Universit\u00e9\" \/><span class=\"wpcf7-list-item-label\">Universit\u00e9<\/span><\/span><span class=\"wpcf7-list-item\"><input type=\"radio\" name=\"employeur\" value=\"Sant\u00e9 et services sociaux\" \/><span class=\"wpcf7-list-item-label\">Sant\u00e9 et services sociaux<\/span><\/span><span class=\"wpcf7-list-item last\"><input type=\"radio\" name=\"employeur\" value=\"Autre\" \/><span class=\"wpcf7-list-item-label\">Autre<\/span><\/span><\/span><\/span><\/p>\n<p><label> Si autre<br \/>\n    <span class=\"wpcf7-form-control-wrap employeur-autre\"><input type=\"text\" name=\"employeur-autre\" value=\"\" size=\"40\" class=\"wpcf7-form-control wpcf7-text\" aria-invalid=\"false\" \/><\/span> <\/label><\/p>\n<p><label> <strong>Pour le personnel, le nom de votre organisation syndicale<\/strong> <\/label><br \/>\n    <span class=\"wpcf7-form-control-wrap personnel\"><span class=\"wpcf7-form-control wpcf7-radio\"><span class=\"wpcf7-list-item first\"><input type=\"radio\" name=\"personnel\" value=\"CSQ\" checked=\"checked\" \/><span class=\"wpcf7-list-item-label\">CSQ<\/span><\/span><span class=\"wpcf7-list-item\"><input type=\"radio\" name=\"personnel\" value=\"CSN\" \/><span class=\"wpcf7-list-item-label\">CSN<\/span><\/span><span class=\"wpcf7-list-item\"><input type=\"radio\" name=\"personnel\" value=\"FTQ\" \/><span class=\"wpcf7-list-item-label\">FTQ<\/span><\/span><span class=\"wpcf7-list-item\"><input type=\"radio\" name=\"personnel\" value=\"FAE\" \/><span class=\"wpcf7-list-item-label\">FAE<\/span><\/span><span class=\"wpcf7-list-item\"><input type=\"radio\" name=\"personnel\" value=\"APEQ\/QPAT\" \/><span class=\"wpcf7-list-item-label\">APEQ\/QPAT<\/span><\/span><span class=\"wpcf7-list-item\"><input type=\"radio\" name=\"personnel\" value=\"SPGQ\" \/><span class=\"wpcf7-list-item-label\">SPGQ<\/span><\/span><span class=\"wpcf7-list-item last\"><input type=\"radio\" name=\"personnel\" value=\"Autre\" \/><span class=\"wpcf7-list-item-label\">Autre<\/span><\/span><\/span><\/span> <\/p>\n<p><label> Si autre<br \/>\n    <span class=\"wpcf7-form-control-wrap personnel-autre\"><input type=\"text\" name=\"personnel-autre\" value=\"\" size=\"40\" class=\"wpcf7-form-control wpcf7-text\" aria-invalid=\"false\" \/><\/span> <\/label><\/p>\n<p><label> <strong>Pour le personnel cadre, le nom de votre organisation patronale<\/strong> <\/label><br \/>\n    <span class=\"wpcf7-form-control-wrap personnel-cadre\"><span class=\"wpcf7-form-control wpcf7-radio\"><span class=\"wpcf7-list-item first\"><input type=\"radio\" name=\"personnel-cadre\" value=\"ADIGECS\" checked=\"checked\" \/><span class=\"wpcf7-list-item-label\">ADIGECS<\/span><\/span><span class=\"wpcf7-list-item\"><input type=\"radio\" name=\"personnel-cadre\" value=\"FQDE\" \/><span class=\"wpcf7-list-item-label\">FQDE<\/span><\/span><span class=\"wpcf7-list-item\"><input type=\"radio\" name=\"personnel-cadre\" value=\"AMDES\" \/><span class=\"wpcf7-list-item-label\">AMDES<\/span><\/span><span class=\"wpcf7-list-item\"><input type=\"radio\" name=\"personnel-cadre\" value=\"MEES\" \/><span class=\"wpcf7-list-item-label\">MEES<\/span><\/span><span class=\"wpcf7-list-item\"><input type=\"radio\" name=\"personnel-cadre\" value=\"AQCS\" \/><span class=\"wpcf7-list-item-label\">AQCS<\/span><\/span><span class=\"wpcf7-list-item\"><input type=\"radio\" name=\"personnel-cadre\" value=\"AQPDE\" \/><span class=\"wpcf7-list-item-label\">AQPDE<\/span><\/span><span class=\"wpcf7-list-item last\"><input type=\"radio\" name=\"personnel-cadre\" value=\"Autre\" \/><span class=\"wpcf7-list-item-label\">Autre<\/span><\/span><\/span><\/span> <\/p>\n<p><label> Si autre<br \/>\n    <span class=\"wpcf7-form-control-wrap personnel-cadre-autre\"><input type=\"text\" name=\"personnel-cadre-autre\" value=\"\" size=\"40\" class=\"wpcf7-form-control wpcf7-text\" aria-invalid=\"false\" \/><\/span> <\/label><\/p>\n<h2>Choix des ateliers<\/h2>\n<p>Indiquez deux choix d\u2019ateliers pour chacun des blocs en consultant le d\u00e9pliant du colloque et la section Ateliers. Cliquez sur la fl\u00e8che \u00e0 droite pour s\u00e9lectionner l\u2019atelier.<br \/>\nATTENTION : Le nombre de personnes participantes est limit\u00e9 \u00e0 30 personnes.<\/p>\n<p><strong>Bloc A - Premier choix<\/strong><br \/>\n<span class=\"wpcf7-form-control-wrap choixA-1\"><select name=\"choixA-1\" class=\"wpcf7-form-control wpcf7-select\" aria-invalid=\"false\"><option value=\"\">---<\/option><option value=\"A13 - Les personnes trans (leurs r\u00e9alit\u00e9s et leurs d\u00e9fis)\">A13 - Les personnes trans (leurs r\u00e9alit\u00e9s et leurs d\u00e9fis)<\/option><option value=\"A14 - Exploration de l\u2019intersection entre la neuro-diversit\u00e9 et diversit\u00e9 sexuelle et de genre\">A14 - Exploration de l\u2019intersection entre la neuro-diversit\u00e9 et diversit\u00e9 sexuelle et de genre<\/option><option value=\"A16 - Diversit\u00e9 familiale : inclusion des familles homoparentales et transparentales\">A16 - Diversit\u00e9 familiale : inclusion des familles homoparentales et transparentales<\/option><option value=\"A17 - Les personnes LGBTQ chez les communaut\u00e9s arabes (leurs r\u00e9alit\u00e9s et leurs d\u00e9fis)\">A17 - Les personnes LGBTQ chez les communaut\u00e9s arabes (leurs r\u00e9alit\u00e9s et leurs d\u00e9fis)<\/option><option value=\"A-18 Discussing sexuality in our Educational settings: Climates and attitudes in teaching environments\">A-18 Discussing sexuality in our Educational settings: Climates and attitudes in teaching environments<\/option><\/select><\/span><\/p>\n<p><strong>Bloc A - Deuxi\u00e8me choix<\/strong><br \/>\n<span class=\"wpcf7-form-control-wrap choixA-2\"><select name=\"choixA-2\" class=\"wpcf7-form-control wpcf7-select\" aria-invalid=\"false\"><option value=\"\">---<\/option><option value=\"A13 - Les personnes trans (leurs r\u00e9alit\u00e9s et leurs d\u00e9fis)\">A13 - Les personnes trans (leurs r\u00e9alit\u00e9s et leurs d\u00e9fis)<\/option><option value=\"A14 - Exploration de l\u2019intersection entre la neuro-diversit\u00e9 et diversit\u00e9 sexuelle et de genre\">A14 - Exploration de l\u2019intersection entre la neuro-diversit\u00e9 et diversit\u00e9 sexuelle et de genre<\/option><option value=\"A16 - Diversit\u00e9 familiale : inclusion des familles homoparentales et transparentales\">A16 - Diversit\u00e9 familiale : inclusion des familles homoparentales et transparentales<\/option><option value=\"A17 - Les personnes LGBTQ chez les communaut\u00e9s arabes (leurs r\u00e9alit\u00e9s et leurs d\u00e9fis)\">A17 - Les personnes LGBTQ chez les communaut\u00e9s arabes (leurs r\u00e9alit\u00e9s et leurs d\u00e9fis)<\/option><option value=\"A-18 Discussing sexuality in our Educational settings: Climates and attitudes in teaching environments\">A-18 Discussing sexuality in our Educational settings: Climates and attitudes in teaching environments<\/option><\/select><\/span><\/p>\n<p><strong>Bloc B - Premier choix<\/strong><br \/>\n<span class=\"wpcf7-form-control-wrap choixB-1\"><select name=\"choixB-1\" class=\"wpcf7-form-control wpcf7-select\" aria-invalid=\"false\"><option value=\"\">---<\/option><option value=\"B21 - La bispiritualit\u00e9 \u2013 La diversit\u00e9 sexuelle et de genre chez les peuples des Premi\u00e8res Nations \/ Two Spirited \u2013 Sexual and gender diversity among First Nations\">B21 - La bispiritualit\u00e9 \u2013 La diversit\u00e9 sexuelle et de genre chez les peuples des Premi\u00e8res Nations \/ Two Spirited \u2013 Sexual and gender diversity among First Nations<\/option><option value=\"B22 - Les personnes intersexes (leurs r\u00e9alit\u00e9s et leurs d\u00e9fis)\">B22 - Les personnes intersexes (leurs r\u00e9alit\u00e9s et leurs d\u00e9fis)<\/option><option value=\"B23 - Pistes d&#039;action pour une p\u00e9dagogie inclusive en \u00e9ducation \u00e0 la sexualit\u00e9\">B23 - Pistes d&#039;action pour une p\u00e9dagogie inclusive en \u00e9ducation \u00e0 la sexualit\u00e9<\/option><option value=\"B24 - Activit\u00e9s p\u00e9dagogiques au primaire : Unis dans la diversit\u00e9 (du pr\u00e9scolaire \u00e0 la sixi\u00e8me ann\u00e9e)\">B24 - Activit\u00e9s p\u00e9dagogiques au primaire : Unis dans la diversit\u00e9 (du pr\u00e9scolaire \u00e0 la sixi\u00e8me ann\u00e9e)<\/option><option value=\"B25 - La situation des LGBTQ+ dans le monde, en 2018\">B25 - La situation des LGBTQ+ dans le monde, en 2018<\/option><option value=\"B26 - Approches, pratiques et ressources pour promouvoir le respect des diff\u00e9rences\">B26 - Approches, pratiques et ressources pour promouvoir le respect des diff\u00e9rences<\/option><option value=\"B27 - Bonnes pratiques au coll\u00e9gial et \u00e0 l\u2019universit\u00e9\">B27 - Bonnes pratiques au coll\u00e9gial et \u00e0 l\u2019universit\u00e9<\/option><\/select><\/span><\/p>\n<p><strong>Bloc B - Deuxi\u00e8me choix<\/strong><br \/>\n<span class=\"wpcf7-form-control-wrap choixB-2\"><select name=\"choixB-2\" class=\"wpcf7-form-control wpcf7-select\" aria-invalid=\"false\"><option value=\"\">---<\/option><option value=\"B21 - La bispiritualit\u00e9 \u2013 La diversit\u00e9 sexuelle et de genre chez les peuples des Premi\u00e8res Nations \/ Two Spirited \u2013 Sexual and gender diversity among First Nations\">B21 - La bispiritualit\u00e9 \u2013 La diversit\u00e9 sexuelle et de genre chez les peuples des Premi\u00e8res Nations \/ Two Spirited \u2013 Sexual and gender diversity among First Nations<\/option><option value=\"B22 - Les personnes intersexes (leurs r\u00e9alit\u00e9s et leurs d\u00e9fis)\">B22 - Les personnes intersexes (leurs r\u00e9alit\u00e9s et leurs d\u00e9fis)<\/option><option value=\"B23 - Pistes d&#039;action pour une p\u00e9dagogie inclusive en \u00e9ducation \u00e0 la sexualit\u00e9\">B23 - Pistes d&#039;action pour une p\u00e9dagogie inclusive en \u00e9ducation \u00e0 la sexualit\u00e9<\/option><option value=\"B24 - Activit\u00e9s p\u00e9dagogiques au primaire : Unis dans la diversit\u00e9 (du pr\u00e9scolaire \u00e0 la sixi\u00e8me ann\u00e9e)\">B24 - Activit\u00e9s p\u00e9dagogiques au primaire : Unis dans la diversit\u00e9 (du pr\u00e9scolaire \u00e0 la sixi\u00e8me ann\u00e9e)<\/option><option value=\"B25 - La situation des LGBTQ+ dans le monde, en 2018\">B25 - La situation des LGBTQ+ dans le monde, en 2018<\/option><option value=\"B26 - Approches, pratiques et ressources pour promouvoir le respect des diff\u00e9rences\">B26 - Approches, pratiques et ressources pour promouvoir le respect des diff\u00e9rences<\/option><option value=\"B27 - Bonnes pratiques au coll\u00e9gial et \u00e0 l\u2019universit\u00e9\">B27 - Bonnes pratiques au coll\u00e9gial et \u00e0 l\u2019universit\u00e9<\/option><\/select><\/span><\/p>\n<p><strong>Bloc C - Premier choix<\/strong><br \/>\n<span class=\"wpcf7-form-control-wrap choixC-1\"><select name=\"choixC-1\" class=\"wpcf7-form-control wpcf7-select\" aria-invalid=\"false\"><option value=\"\">---<\/option><option value=\"C31 - Les personnes LGBTQ racis\u00e9es - R\u00e9sultats d\u2019une recherche\">C31 - Les personnes LGBTQ racis\u00e9es - R\u00e9sultats d\u2019une recherche<\/option><option value=\"C32 - Identifications lesbiennes et queer dans l&#039;espace montr\u00e9alais contemporain: identit\u00e9s, \u00e9tiquettes et autod\u00e9finitions\">C32 - Identifications lesbiennes et queer dans l&#039;espace montr\u00e9alais contemporain: identit\u00e9s, \u00e9tiquettes et autod\u00e9finitions<\/option><option value=\"C34 - H\u00e9t\u00e9rosexisme et cissexisme dans le contenu des cours et dans la mani\u00e8re d\u2019enseigner au coll\u00e9gial\">C34 - H\u00e9t\u00e9rosexisme et cissexisme dans le contenu des cours et dans la mani\u00e8re d\u2019enseigner au coll\u00e9gial<\/option><option value=\"C36 - Approaches, best practices and resources to promote diversity\">C36 - Approaches, best practices and resources to promote diversity<\/option><option value=\"C37 - Alliance de genre, identit\u00e9s et sexualit\u00e9s (AGIS)\">C37 - Alliance de genre, identit\u00e9s et sexualit\u00e9s (AGIS)<\/option><option value=\"C38 - Les mots de la diversit\u00e9 li\u00e9e au sexe, au genre et \u00e0 l\u2019orientation sexuelle : strat\u00e9gies de sensibilisation en classe et en assembl\u00e9es d\u00e9partementales au C\u00e9gep de Sherbrooke\">C38 - Les mots de la diversit\u00e9 li\u00e9e au sexe, au genre et \u00e0 l\u2019orientation sexuelle : strat\u00e9gies de sensibilisation en classe et en assembl\u00e9es d\u00e9partementales au C\u00e9gep de Sherbrooke<\/option><\/select><\/span><\/p>\n<p><strong>Bloc C - Deuxi\u00e8me choix<\/strong><br \/>\n<span class=\"wpcf7-form-control-wrap choixC-2\"><select name=\"choixC-2\" class=\"wpcf7-form-control wpcf7-select\" aria-invalid=\"false\"><option value=\"\">---<\/option><option value=\"C31 - Les personnes LGBTQ racis\u00e9es - R\u00e9sultats d\u2019une recherche\">C31 - Les personnes LGBTQ racis\u00e9es - R\u00e9sultats d\u2019une recherche<\/option><option value=\"C32 - Identifications lesbiennes et queer dans l&#039;espace montr\u00e9alais contemporain: identit\u00e9s, \u00e9tiquettes et autod\u00e9finitions\">C32 - Identifications lesbiennes et queer dans l&#039;espace montr\u00e9alais contemporain: identit\u00e9s, \u00e9tiquettes et autod\u00e9finitions<\/option><option value=\"C34 - H\u00e9t\u00e9rosexisme et cissexisme dans le contenu des cours et dans la mani\u00e8re d\u2019enseigner au coll\u00e9gial\">C34 - H\u00e9t\u00e9rosexisme et cissexisme dans le contenu des cours et dans la mani\u00e8re d\u2019enseigner au coll\u00e9gial<\/option><option value=\"C36 - Approaches, best practices and resources to promote diversity\">C36 - Approaches, best practices and resources to promote diversity<\/option><option value=\"C37 - Alliance de genre, identit\u00e9s et sexualit\u00e9s (AGIS)\">C37 - Alliance de genre, identit\u00e9s et sexualit\u00e9s (AGIS)<\/option><option value=\"C38 - Les mots de la diversit\u00e9 li\u00e9e au sexe, au genre et \u00e0 l\u2019orientation sexuelle : strat\u00e9gies de sensibilisation en classe et en assembl\u00e9es d\u00e9partementales au C\u00e9gep de Sherbrooke\">C38 - Les mots de la diversit\u00e9 li\u00e9e au sexe, au genre et \u00e0 l\u2019orientation sexuelle : strat\u00e9gies de sensibilisation en classe et en assembl\u00e9es d\u00e9partementales au C\u00e9gep de Sherbrooke<\/option><\/select><\/span><\/p>\n<h2>Frais d'inscription<\/h2>\n<p><strong>Attention\u00a0: Aucun remboursement des frais d\u2019inscription.<\/strong><\/p>\n<p>150 $, auquel il faut ajouter les taxes TPS et TVE = <strong>172,46 $<\/strong><\/p>\n<p style=\"font-size:14px;\"><strong>* Libeller le ch\u00e8que<\/strong> au nom de la <strong>CSQ<\/strong> avec la mention \u00ab <strong>Colloque homophobie 2018<\/strong> \u00bb.\n<\/p>\n<p>Envoyer le pr\u00e9sent formulaire d\u00fbment rempli en cliquant sur le bouton au bas de cette page.<\/p>\n<p>Vous allez recevoir un courriel de confirmation. Imprimer ce courriel.<\/p>\n<p>Faites parvenir votre confirmation imprim\u00e9e, accompagn\u00e9e d\u2019un ch\u00e8que, \u00e0 l\u2019adresse suivante `<br \/>\n<strong>Colloque 2018\u00a0: Agir contre l\u2019homophobie et la transphobie<br \/>\n\u00c0 l\u2019attention de Jacques P\u00e9trin<br \/>\n9405, rue Sherbrooke Est,<br \/>\nMontr\u00e9al (Qu\u00e9bec)<br \/>\nH1L 6P3<\/strong><\/p>\n<p>La r\u00e9ception de votre ch\u00e8que validera votre inscription.<\/p>\n<p><input type=\"submit\" value=\"Envoyer\" class=\"wpcf7-form-control has-spinner wpcf7-submit\" \/><\/p>\n<div class=\"wpcf7-response-output\" aria-hidden=\"true\"><\/div><\/form><\/div>\n","protected":false},"excerpt":{"rendered":"<p>Quand : Jeudi, 18 janvier 2018 de 10 h. \u00e0 19 h Vendredi, 19 janvier 2018 de 09 h \u00e0 16 h O\u00f9 : C\u00e9gep du Vieux-Montr\u00e9al, 255, rue Ontario Est, Montr\u00e9al (Qu\u00e9bec) H2X 1X6<\/p>\n","protected":false},"author":1,"featured_media":0,"parent":8,"menu_order":0,"comment_status":"closed","ping_status":"closed","template":"","meta":[],"_links":{"self":[{"href":"https:\/\/tablehomophobietransphobie.org\/2018\/wp-json\/wp\/v2\/pages\/10"}],"collection":[{"href":"https:\/\/tablehomophobietransphobie.org\/2018\/wp-json\/wp\/v2\/pages"}],"about":[{"href":"https:\/\/tablehomophobietransphobie.org\/2018\/wp-json\/wp\/v2\/types\/page"}],"author":[{"embeddable":true,"href":"https:\/\/tablehomophobietransphobie.org\/2018\/wp-json\/wp\/v2\/users\/1"}],"replies":[{"embeddable":true,"href":"https:\/\/tablehomophobietransphobie.org\/2018\/wp-json\/wp\/v2\/comments?post=10"}],"version-history":[{"count":3,"href":"https:\/\/tablehomophobietransphobie.org\/2018\/wp-json\/wp\/v2\/pages\/10\/revisions"}],"predecessor-version":[{"id":27,"href":"https:\/\/tablehomophobietransphobie.org\/2018\/wp-json\/wp\/v2\/pages\/10\/revisions\/27"}],"up":[{"embeddable":true,"href":"https:\/\/tablehomophobietransphobie.org\/2018\/wp-json\/wp\/v2\/pages\/8"}],"wp:attachment":[{"href":"https:\/\/tablehomophobietransphobie.org\/2018\/wp-json\/wp\/v2\/media?parent=10"}],"curies":[{"name":"wp","href":"https:\/\/api.w.org\/{rel}","templated":true}]}}