{"id":142,"date":"2017-10-31T15:21:19","date_gmt":"2017-10-31T19:21:19","guid":{"rendered":"http:\/\/tablehomophobietransphobie.org\/2018\/?page_id=142"},"modified":"2017-11-17T09:03:33","modified_gmt":"2017-11-17T14:03:33","slug":"c-36-approches-pratiques-ressources-promouvoir-respect-differences","status":"publish","type":"page","link":"https:\/\/tablehomophobietransphobie.org\/2018\/ateliers\/c-36-approches-pratiques-ressources-promouvoir-respect-differences\/","title":{"rendered":"C-36 Approaches, best practices and resources to promote diversity"},"content":{"rendered":"<p><strong>Animation<\/strong> : Coalition des familles LGBT<\/p>\n<p><strong>Descriptif de la pr\u00e9sentation<\/strong> : Schools are a primary social structure for youth and social relationships with peers are a central part of students\u2019 lives. Research shows that schools, and the social interactions that take place in them, can play a stabilizing or destructive role for young people, particularly if they are experiencing emotional stress. School environment and school connectedness can be determining factors in a young person\u2019s educational experience. Unfortunately, a number of recent studies have raised the alarm about the prevalence of homophobic and transphobic bullying as well as gender-based harassment. The violence \u2013 be it verbal, physical or psychological \u2013 in schools, can have negative consequences on all youth. The resulting isolation can have a number of impacts: on the cognitive level a lack of information on LGBT realities, on the emotional level, a lack of support. How can we promote inclusion for sexual and gender diversity in these school settings? This workshop will look at available resources for elementary and high schools:<\/p>\n<ul>\n<li>Promoting diversity<\/li>\n<li>Deconstructing stereotypes<\/li>\n<li>Encouraging Empath<\/li>\n<li>Promoting inclusion in sports<\/li>\n<li>Encouraging discussions about LGBT realities<\/li>\n<\/ul>\n<p><strong>Notes biographiques<\/strong> : La Coalition des familles LGBT est un organisme communautaire qui milite pour la reconnaissance l\u00e9gale et sociale des familles homoparentales et transparentales au Qu\u00e9bec. Un autre mandat de la Coalition est de cr\u00e9er de nouvelles ressources qui peuvent \u00eatre utilis\u00e9es dans les \u00e9coles primaires et secondaires, les garderies, les cabinets m\u00e9dicaux, les organismes communautaires ou, encore, les services sociaux afin de sensibiliser le public \u00e0 propos de la diversit\u00e9 des structures familiales, ainsi que du probl\u00e8me de l\u2019homophobie et de la transphobie en milieu scolaire.<\/p>\n","protected":false},"excerpt":{"rendered":"<p>Animation : Coalition des familles LGBT Descriptif de la pr\u00e9sentation : Schools are a primary social structure for youth and social relationships with peers are a central part of students\u2019 lives. Research shows that schools, and the social interactions that &hellip; <a href=\"https:\/\/tablehomophobietransphobie.org\/2018\/ateliers\/c-36-approches-pratiques-ressources-promouvoir-respect-differences\/\">Lire la suite <span class=\"meta-nav\">&rarr;<\/span><\/a><\/p>\n","protected":false},"author":1,"featured_media":0,"parent":16,"menu_order":0,"comment_status":"closed","ping_status":"closed","template":"","meta":[],"_links":{"self":[{"href":"https:\/\/tablehomophobietransphobie.org\/2018\/wp-json\/wp\/v2\/pages\/142"}],"collection":[{"href":"https:\/\/tablehomophobietransphobie.org\/2018\/wp-json\/wp\/v2\/pages"}],"about":[{"href":"https:\/\/tablehomophobietransphobie.org\/2018\/wp-json\/wp\/v2\/types\/page"}],"author":[{"embeddable":true,"href":"https:\/\/tablehomophobietransphobie.org\/2018\/wp-json\/wp\/v2\/users\/1"}],"replies":[{"embeddable":true,"href":"https:\/\/tablehomophobietransphobie.org\/2018\/wp-json\/wp\/v2\/comments?post=142"}],"version-history":[{"count":4,"href":"https:\/\/tablehomophobietransphobie.org\/2018\/wp-json\/wp\/v2\/pages\/142\/revisions"}],"predecessor-version":[{"id":233,"href":"https:\/\/tablehomophobietransphobie.org\/2018\/wp-json\/wp\/v2\/pages\/142\/revisions\/233"}],"up":[{"embeddable":true,"href":"https:\/\/tablehomophobietransphobie.org\/2018\/wp-json\/wp\/v2\/pages\/16"}],"wp:attachment":[{"href":"https:\/\/tablehomophobietransphobie.org\/2018\/wp-json\/wp\/v2\/media?parent=142"}],"curies":[{"name":"wp","href":"https:\/\/api.w.org\/{rel}","templated":true}]}}