{"id":18,"date":"2017-10-20T20:51:37","date_gmt":"2017-10-20T18:51:37","guid":{"rendered":"http:\/\/tablehomophobietransphobie.org\/2018\/?page_id=18"},"modified":"2018-03-12T14:19:17","modified_gmt":"2018-03-12T18:19:17","slug":"commanditaires","status":"publish","type":"page","link":"https:\/\/tablehomophobietransphobie.org\/2018\/commanditaires\/","title":{"rendered":"Commanditaires"},"content":{"rendered":"<p><a href=\"http:\/\/tablehomophobietransphobie.org\/2018\/files\/2018\/03\/Commandites_Maisons_d\u00e9ditions.pdf\">Commanditaires (Maisons d&rsquo;\u00e9dition)<\/a><br \/>\n<a href=\"http:\/\/tablehomophobietransphobie.org\/2018\/files\/2018\/03\/Commanditaires_colloque_2018.pdf\">Commanditaires (Membres et compagnies priv\u00e9es)<\/a><br \/>\n<a href=\"http:\/\/tablehomophobietransphobie.org\/2018\/files\/2018\/03\/Alli\u00e9es-Alli\u00e9s-parlementaires.pdf\">Alli\u00e9es et alli\u00e9s parlementaires<\/a><\/p>\n","protected":false},"excerpt":{"rendered":"<p>Commanditaires (Maisons d&rsquo;\u00e9dition) Commanditaires (Membres et compagnies priv\u00e9es) Alli\u00e9es et alli\u00e9s parlementaires<\/p>\n","protected":false},"author":1,"featured_media":0,"parent":0,"menu_order":0,"comment_status":"closed","ping_status":"closed","template":"","meta":[],"_links":{"self":[{"href":"https:\/\/tablehomophobietransphobie.org\/2018\/wp-json\/wp\/v2\/pages\/18"}],"collection":[{"href":"https:\/\/tablehomophobietransphobie.org\/2018\/wp-json\/wp\/v2\/pages"}],"about":[{"href":"https:\/\/tablehomophobietransphobie.org\/2018\/wp-json\/wp\/v2\/types\/page"}],"author":[{"embeddable":true,"href":"https:\/\/tablehomophobietransphobie.org\/2018\/wp-json\/wp\/v2\/users\/1"}],"replies":[{"embeddable":true,"href":"https:\/\/tablehomophobietransphobie.org\/2018\/wp-json\/wp\/v2\/comments?post=18"}],"version-history":[{"count":10,"href":"https:\/\/tablehomophobietransphobie.org\/2018\/wp-json\/wp\/v2\/pages\/18\/revisions"}],"predecessor-version":[{"id":397,"href":"https:\/\/tablehomophobietransphobie.org\/2018\/wp-json\/wp\/v2\/pages\/18\/revisions\/397"}],"wp:attachment":[{"href":"https:\/\/tablehomophobietransphobie.org\/2018\/wp-json\/wp\/v2\/media?parent=18"}],"curies":[{"name":"wp","href":"https:\/\/api.w.org\/{rel}","templated":true}]}}