{"id":24,"date":"2017-10-20T20:52:23","date_gmt":"2017-10-20T18:52:23","guid":{"rendered":"http:\/\/tablehomophobietransphobie.org\/2018\/?page_id=24"},"modified":"2017-10-31T14:16:13","modified_gmt":"2017-10-31T18:16:13","slug":"organisateurs","status":"publish","type":"page","link":"https:\/\/tablehomophobietransphobie.org\/2018\/organisateurs\/","title":{"rendered":"Organisateurs"},"content":{"rendered":"<p>Le quatri\u00e8me colloque de la Table nationale,<\/p>\n<p>les <strong>18 et 19 janvier 2018 au C\u00e9gep du Vieux-Montr\u00e9al<br \/>\n<\/strong><strong>Agir contre l\u2019homophobie et la transphobie<br \/>\n<\/strong><strong><em>Solidaires dans la diversit\u00e9 sexuelle et de genre<\/em><\/strong><\/p>\n<p>Plusieurs jeunes trans et jeunes non binaires ont besoin d\u2019exprimer leur identit\u00e9 de genre et leur expression de genre, et ce, d\u00e8s le primaire. Nous constatons qu\u2019un nombre croissant de ces jeunes font aujourd\u2019hui leur transition pendant qu\u2019ils fr\u00e9quentent les milieux d\u2019enseignement<\/p>\n<p>Nous savons que les \u00e9tablissements d\u2019enseignement peuvent jouer un r\u00f4le fondamental pour soutenir les jeunes trans et les jeunes non binaires en prot\u00e9geant leur droit \u00e0 la confidentialit\u00e9 et en adaptant leurs pratiques de fa\u00e7on \u00e0 permettre l\u2019affirmation de l\u2019identit\u00e9 de genre du jeune (soit l\u2019auto-identification). Ces jeunes constituent un groupe particuli\u00e8rement vuln\u00e9rable dans la soci\u00e9t\u00e9 qu\u00e9b\u00e9coise. Les recherches d\u00e9montrent que ces jeunes sont plus \u00e0 risque de vivre des situations de d\u00e9tresse psychologique, des id\u00e9ations suicidaires et des exp\u00e9riences de violence verbale, psychologique ou physique.<\/p>\n<p>Relativement aux recherches, les organismes membres de la Table nationale constatent aujourd\u2019hui en 2017, il existe toujours un ph\u00e9nom\u00e8ne d\u2019homophobie et de transphobie dans les \u00e9tablissements d\u2019enseignement primaire, secondaire, coll\u00e9gial et universitaire ainsi que dans les milieux de travail, et ce, m\u00eame si au Qu\u00e9bec, nous avons une reconnaissance juridique. Tous ces acteurs font le constat qu\u2019en 2017, les personnes gaies, lesbiennes, bisexuelles, trans, queer ou en questionnement (LGBTQ+) n\u2019ont pas atteint l\u2019\u00e9galit\u00e9 sociale.\u00a0 Tous les organismes conviennent qu\u2019il nous faut tout mettre en \u0153uvre pour combattre ces ph\u00e9nom\u00e8nes d\u2019homophobie, de transphobie, d\u2019intimidation et de violence.<\/p>\n<p>Au cours des deux derni\u00e8res ann\u00e9es, les organismes communautaires repr\u00e9sentants les personnes trans sont intervenus aupr\u00e8s du gouvernement qu\u00e9b\u00e9cois afin d\u2019expliquer les difficult\u00e9s rencontr\u00e9es, et ce, dans les r\u00e9seaux de l\u2019\u00e9ducation, de la sant\u00e9 et des services sociaux, du travail, ainsi que dans la soci\u00e9t\u00e9 en g\u00e9n\u00e9rale.<\/p>\n<p>Il faut informer tous les personnels des \u00e9tablissements d\u2019enseignement que l\u2019Assembl\u00e9e nationale a adopt\u00e9, le 10 juin 2016, \u00e0 l\u2019unanimit\u00e9 le projet de loi n\u00b0 103., <em>Loi visant \u00e0 renforcer la lutte contre la transphobie et \u00e0 am\u00e9liorer notamment la situation des mineurs transgenres<\/em>.<\/p>\n<p>C\u2019est pour cela que nous organisation ce quatri\u00e8me (4<sup>e<\/sup>) colloque afin de permettre au personnel de l\u2019\u00e9ducation (enseignant, professionnel, de soutien et de direction), aux \u00e9tudiantes et \u00e9tudiants ainsi qu\u2019aux parents de prendre conscience des effets n\u00e9fastes de l\u2019homophobie et de la transphobie sur les jeunes ainsi que sur les personnels et de la n\u00e9cessit\u00e9 d\u2019agir d\u00e8s maintenant. Adopter des mesures d\u2019ouverture et de soutien,, c\u2019est\u00a0 les aider\u00a0 \u00e0 avoir des milieu de vie qui garantissent le droit \u00e0 l\u2019\u00e9galit\u00e9, \u00e0 la dignit\u00e9, \u00e0 l\u2019int\u00e9grit\u00e9, au bien-\u00eatre et \u00e0 la s\u00e9curit\u00e9 des jeunes LGBTQ.<\/p>\n<p>Doit-il rappeler que l\u2019intimidation, l\u2019homophobie et la transphobie n\u2019attaquent pas seulement les jeunes LGBTQ ou en questionnement de leur orientation sexuelle ou de leur identit\u00e9 de genre, mais \u00e9galement les jeunes qui ne cadrent pas avec les mod\u00e8les masculins ou f\u00e9minins que la soci\u00e9t\u00e9 projette, ainsi que les jeunes qui ont un parent homosexuel ou qui vivent dans une famille homoparentale ou transparentales ?<\/p>\n<p><strong>Combattre ;\u2019homophobie et la transphobie, c\u2019est l\u2019affaire de toutes et tous.<br \/>\n<\/strong><strong>C\u2019est une responsabilit\u00e9 que nous devons toutes et tous partager.<\/strong><\/p>\n<p>&nbsp;<\/p>\n","protected":false},"excerpt":{"rendered":"<p>Le quatri\u00e8me colloque de la Table nationale, les 18 et 19 janvier 2018 au C\u00e9gep du Vieux-Montr\u00e9al Agir contre l\u2019homophobie et la transphobie Solidaires dans la diversit\u00e9 sexuelle et de genre Plusieurs jeunes trans et jeunes non binaires ont besoin &hellip; <a href=\"https:\/\/tablehomophobietransphobie.org\/2018\/organisateurs\/\">Lire la suite <span class=\"meta-nav\">&rarr;<\/span><\/a><\/p>\n","protected":false},"author":1,"featured_media":0,"parent":0,"menu_order":0,"comment_status":"closed","ping_status":"closed","template":"","meta":[],"_links":{"self":[{"href":"https:\/\/tablehomophobietransphobie.org\/2018\/wp-json\/wp\/v2\/pages\/24"}],"collection":[{"href":"https:\/\/tablehomophobietransphobie.org\/2018\/wp-json\/wp\/v2\/pages"}],"about":[{"href":"https:\/\/tablehomophobietransphobie.org\/2018\/wp-json\/wp\/v2\/types\/page"}],"author":[{"embeddable":true,"href":"https:\/\/tablehomophobietransphobie.org\/2018\/wp-json\/wp\/v2\/users\/1"}],"replies":[{"embeddable":true,"href":"https:\/\/tablehomophobietransphobie.org\/2018\/wp-json\/wp\/v2\/comments?post=24"}],"version-history":[{"count":3,"href":"https:\/\/tablehomophobietransphobie.org\/2018\/wp-json\/wp\/v2\/pages\/24\/revisions"}],"predecessor-version":[{"id":94,"href":"https:\/\/tablehomophobietransphobie.org\/2018\/wp-json\/wp\/v2\/pages\/24\/revisions\/94"}],"wp:attachment":[{"href":"https:\/\/tablehomophobietransphobie.org\/2018\/wp-json\/wp\/v2\/media?parent=24"}],"curies":[{"name":"wp","href":"https:\/\/api.w.org\/{rel}","templated":true}]}}