{"id":306,"date":"2018-02-15T10:27:06","date_gmt":"2018-02-15T15:27:06","guid":{"rendered":"http:\/\/tablehomophobietransphobie.org\/2018\/?page_id=306"},"modified":"2018-03-23T11:34:18","modified_gmt":"2018-03-23T15:34:18","slug":"conferences","status":"publish","type":"page","link":"https:\/\/tablehomophobietransphobie.org\/2018\/diaporamas\/conferences\/","title":{"rendered":"Conf\u00e9rences"},"content":{"rendered":"<p><a href=\"http:\/\/tablehomophobietransphobie.org\/2018\/files\/2018\/02\/PPT_Ouverture_et_historique_droits_LGBTQ_Jacques_P\u00e9trun.pdf\">La Table nationale de lutte contre l\u2019homophobie et la transphobie des r\u00e9seaux de l\u2019\u00e9ducation<br \/>\n<\/a>Par Jacques P\u00e9trin, coordonnateur de la Table nationale de lutte contre l&rsquo;homophobie et la transphobie des r\u00e9seaux de l&rsquo;\u00e9ducation<\/p>\n<p><a href=\"http:\/\/tablehomophobietransphobie.org\/2018\/files\/2018\/02\/PPTX_LGBTQI2SNBA_Dominique_Dubuc.pdf\">Y-a-t-il trop de lettres dans l\u2019acronyme repr\u00e9sentant les communaut\u00e9s LGBTQIA2SNB?<br \/>\n<\/a>Par Dominique Dubuc, enseignante au coll\u00e9gial, FNEEQ\/CSN<\/p>\n<p><a href=\"http:\/\/tablehomophobietransphobie.org\/2018\/files\/2018\/02\/Bill_Ryan_Jurisprudence_2018_LGBTQ.pdf\">Ce que la jurisprudence canadienne nous dit sur les droits des \u00e9l\u00e8ves LGBT?<br \/>\n<\/a>Par\u00a0Bill Ryan, professeur en travail social, Universit\u00e9 McGill<\/p>\n<p><a href=\"http:\/\/tablehomophobietransphobie.org\/2018\/files\/2018\/02\/Intersectionalit\u00e9_LGBTQ_Jade_Almeida.pdf\">Intersectionalit\u00e9, un enjeu pour les personnes LGBTQ+<br \/>\n<\/a>Par Jade Almeida, doctorante en sociologie, Universit\u00e9 de Montr\u00e9al<\/p>\n<p><a href=\"http:\/\/tablehomophobietransphobie.org\/2018\/files\/2018\/02\/v10-Plan-de-revendications-trans_2avril2017_CQ-LGBT.pdf\">Politiques transversales :\u00a0revendications pour un Qu\u00e9bec trans-inclusif<br \/>\n<\/a>Par le Comit\u00e9 trans du Conseil qu\u00e9b\u00e9cois LGBT<\/p>\n<p><a href=\"http:\/\/tablehomophobietransphobie.org\/2018\/files\/2018\/02\/PPT_Mesures_soutien_jeunes_trans_colloque_Jacques_P\u00e9trin.pdf\">Mesures d\u2019ouverture et de soutien envers les jeunes trans et les jeunes non binaires Guide s\u2019adressant aux \u00e9tablissements d\u2019enseignement<br \/>\n<\/a>Par Jacques P\u00e9trin, coordonnateur de la Table nationale de lutte contre l&rsquo;homophobie et la transphobie des r\u00e9seaux de l&rsquo;\u00e9ducation<\/p>\n<p><a href=\"http:\/\/tablehomophobietransphobie.org\/2018\/files\/2018\/02\/8927_Sondage-LGBT-FFT_FR.pdf\">R\u00e9sultats du sondage pancanadien sur les r\u00e9alit\u00e9s LGBT<br \/>\n<\/a><a href=\"http:\/\/tablehomophobietransphobie.org\/2018\/files\/2018\/02\/8927_Sondage-LGBT-Pr\u0117sentation-ANG-4.pdf\">LGBT realities : Pan-canadian survey<br \/>\n<\/a>Par Jasmin Roy, pr\u00e9sident et fondateur, Fondation Jasmin Roy<\/p>\n<p><a href=\"http:\/\/tablehomophobietransphobie.org\/2018\/files\/2018\/03\/Point-de-vue-des-jeunes-trans-sur-ce-qui-influence-leur-expe_rience-de-bien-e_tre-au-Que_bec-Final.pdf\">Point de vue des jeunes trans sur ce qui influence leur exp\u00e9rience de bien-\u00eatre au Qu\u00e9bec<\/a><br \/>\nPar Annie Pullen Sansfa\u00e7on,\u00a0Professeure\u00a0agr\u00e9g\u00e9e<br \/>\n\u00c9cole\u00a0de\u00a0travail\u00a0social,\u00a0Universit\u00e9\u00a0de\u00a0Montr\u00e9al<\/p>\n","protected":false},"excerpt":{"rendered":"<p>La Table nationale de lutte contre l\u2019homophobie et la transphobie des r\u00e9seaux de l\u2019\u00e9ducation Par Jacques P\u00e9trin, coordonnateur de la Table nationale de lutte contre l&rsquo;homophobie et la transphobie des r\u00e9seaux de l&rsquo;\u00e9ducation Y-a-t-il trop de lettres dans l\u2019acronyme repr\u00e9sentant &hellip; <a href=\"https:\/\/tablehomophobietransphobie.org\/2018\/diaporamas\/conferences\/\">Lire la suite <span class=\"meta-nav\">&rarr;<\/span><\/a><\/p>\n","protected":false},"author":1,"featured_media":0,"parent":22,"menu_order":0,"comment_status":"closed","ping_status":"closed","template":"","meta":[],"_links":{"self":[{"href":"https:\/\/tablehomophobietransphobie.org\/2018\/wp-json\/wp\/v2\/pages\/306"}],"collection":[{"href":"https:\/\/tablehomophobietransphobie.org\/2018\/wp-json\/wp\/v2\/pages"}],"about":[{"href":"https:\/\/tablehomophobietransphobie.org\/2018\/wp-json\/wp\/v2\/types\/page"}],"author":[{"embeddable":true,"href":"https:\/\/tablehomophobietransphobie.org\/2018\/wp-json\/wp\/v2\/users\/1"}],"replies":[{"embeddable":true,"href":"https:\/\/tablehomophobietransphobie.org\/2018\/wp-json\/wp\/v2\/comments?post=306"}],"version-history":[{"count":7,"href":"https:\/\/tablehomophobietransphobie.org\/2018\/wp-json\/wp\/v2\/pages\/306\/revisions"}],"predecessor-version":[{"id":403,"href":"https:\/\/tablehomophobietransphobie.org\/2018\/wp-json\/wp\/v2\/pages\/306\/revisions\/403"}],"up":[{"embeddable":true,"href":"https:\/\/tablehomophobietransphobie.org\/2018\/wp-json\/wp\/v2\/pages\/22"}],"wp:attachment":[{"href":"https:\/\/tablehomophobietransphobie.org\/2018\/wp-json\/wp\/v2\/media?parent=306"}],"curies":[{"name":"wp","href":"https:\/\/api.w.org\/{rel}","templated":true}]}}