{"id":8,"date":"2017-10-20T20:48:52","date_gmt":"2017-10-20T18:48:52","guid":{"rendered":"http:\/\/tablehomophobietransphobie.org\/2018\/?page_id=8"},"modified":"2017-11-29T10:00:26","modified_gmt":"2017-11-29T15:00:26","slug":"inscription","status":"publish","type":"page","link":"https:\/\/tablehomophobietransphobie.org\/2018\/inscription\/","title":{"rendered":"Inscription"},"content":{"rendered":"<p>1) Dans un premier temps, veuillez <a href=\"\/2018\/ateliers\/\">consulter la description des ateliers<\/a> et noter vos choix (deux par bloc).<\/p>\n<p>2) Ensuite, remplissez et envoyer l\u2019un des formulaires d\u2019inscription en ligne suivants (pour les modalit\u00e9s de paiement, <a href=\"#modalites\">voir la note au bas de cette page<sup>*<\/sup><\/a>) :<\/p>\n<ul>\n<li><a href=\"\/2018\/inscription\/inscription-generale\/\"><strong>G\u00e9n\u00e9ral<\/strong><\/a><\/li>\n<li><a href=\"\/2018\/inscription\/inscription-etudiantes-etudiants\/\"><strong>\u00c9tudiantes et \u00e9tudiants<\/strong><\/a><\/li>\n<li><a href=\"\/2018\/inscription\/inscription-organismes-communautaires-lgbt\/\"><strong>Organismes communautaires<\/strong><\/a><\/li>\n<\/ul>\n<hr \/>\n<h2>Formulaires \u00e0 t\u00e9l\u00e9charger et \u00e0 imprimer<\/h2>\n<ul>\n<li><a href=\"http:\/\/tablehomophobietransphobie.org\/2018\/files\/2017\/10\/Inscriptions_admission_generale.docx\">G\u00e9n\u00e9ral<\/a><\/li>\n<li><a href=\"http:\/\/tablehomophobietransphobie.org\/2018\/files\/2017\/10\/Inscriptions_etudiantes_etudiants.docx\">\u00c9tudiantes et \u00e9tudiants<\/a><\/li>\n<li><a href=\"http:\/\/tablehomophobietransphobie.org\/2018\/files\/2017\/10\/Inscriptions_groupes_communautaires.docx\">Organismes communautaires<\/a><\/li>\n<\/ul>\n<h2>Liste des ateliers d\u00e9taill\u00e9s<\/h2>\n<ul>\n<li><a href=\"http:\/\/tablehomophobietransphobie.org\/2018\/ateliers\/\">Description des ateliers<\/a><\/li>\n<\/ul>\n<hr \/>\n<div id=\"modalites\"><strong><sup>*<\/sup>Modalit\u00e9s de paiement : <\/strong><br \/>\nEnvoyer le formulaire d\u00fbment rempli en cliquant sur le bouton envoyer au bas du formulaire en ligne. Vous recevrez ensuite un courriel de confirmation. <strong>Imprimez ce courriel<\/strong> et faites-le parvenir accompagn\u00e9 d\u2019un ch\u00e8que, \u00e0 l\u2019adresse suivante :Colloque Agir contre l\u2019homophobie et la <strong>transphobie<\/strong><br \/>\n\u00c0 l\u2019attention de <strong>Jacques P\u00e9trin<\/strong><br \/>\n9405, rue Sherbrooke Est, Montr\u00e9al (Qu\u00e9bec) H1L 6P3<strong>ATTENTION<\/strong>\u00a0: La r\u00e9ception de votre ch\u00e8que validera votre inscription.<\/p>\n<\/div>\n<p>Frais d\u2019inscription :<\/p>\n<ul>\n<li>150 $ + TPS-TVQ = <strong>172,46 $<\/strong> pour l\u2019<strong>admission g\u00e9n\u00e9rale<\/strong><\/li>\n<li>80 $ + TPS-TVQ = <strong>91,98 $<\/strong> pour les <strong>organismes communautaires LGBTQ+<\/strong><\/li>\n<li>25 $ + taxes TPS=TVQ = <strong>28,75 $<\/strong> pour les <strong>\u00e9l\u00e8ves de niveau secondaire<\/strong> avec pr\u00e9sentation d\u2019une carte \u00e9tudiante valide,<\/li>\n<li>35 $ + taxes TPS+TVQ = <strong>40,24 $<\/strong> pour les <strong>\u00e9tudiantes et \u00e9tudiants du coll\u00e9gial et universitaire<\/strong>, avec pr\u00e9sentation d\u2019une carte \u00e9tudiante valide<\/li>\n<\/ul>\n<p><strong>Libeller le ch\u00e8que<\/strong> au nom de la <strong>CSQ<\/strong> avec la mention \u00ab <strong>Colloque 2018 Agir homophobie transphobie 2018<\/strong> \u00bb.<\/p>\n<p><strong>Vous d\u00e9sirez obtenir de l&rsquo;information additionnelle ?<\/strong><br \/>\nPour rejoindre M. Jacques P\u00e9trin : <a href=\"mailto:petrinjacques@gmail.com\">petrinjacques@gmail.com<\/a><\/p>\n","protected":false},"excerpt":{"rendered":"<p>1) Dans un premier temps, veuillez consulter la description des ateliers et noter vos choix (deux par bloc). 2) Ensuite, remplissez et envoyer l\u2019un des formulaires d\u2019inscription en ligne suivants (pour les modalit\u00e9s de paiement, voir la note au bas &hellip; <a href=\"https:\/\/tablehomophobietransphobie.org\/2018\/inscription\/\">Lire la suite <span class=\"meta-nav\">&rarr;<\/span><\/a><\/p>\n","protected":false},"author":1,"featured_media":0,"parent":0,"menu_order":0,"comment_status":"closed","ping_status":"closed","template":"","meta":[],"_links":{"self":[{"href":"https:\/\/tablehomophobietransphobie.org\/2018\/wp-json\/wp\/v2\/pages\/8"}],"collection":[{"href":"https:\/\/tablehomophobietransphobie.org\/2018\/wp-json\/wp\/v2\/pages"}],"about":[{"href":"https:\/\/tablehomophobietransphobie.org\/2018\/wp-json\/wp\/v2\/types\/page"}],"author":[{"embeddable":true,"href":"https:\/\/tablehomophobietransphobie.org\/2018\/wp-json\/wp\/v2\/users\/1"}],"replies":[{"embeddable":true,"href":"https:\/\/tablehomophobietransphobie.org\/2018\/wp-json\/wp\/v2\/comments?post=8"}],"version-history":[{"count":6,"href":"https:\/\/tablehomophobietransphobie.org\/2018\/wp-json\/wp\/v2\/pages\/8\/revisions"}],"predecessor-version":[{"id":262,"href":"https:\/\/tablehomophobietransphobie.org\/2018\/wp-json\/wp\/v2\/pages\/8\/revisions\/262"}],"wp:attachment":[{"href":"https:\/\/tablehomophobietransphobie.org\/2018\/wp-json\/wp\/v2\/media?parent=8"}],"curies":[{"name":"wp","href":"https:\/\/api.w.org\/{rel}","templated":true}]}}